{"id":198,"date":"2025-10-13T12:31:08","date_gmt":"2025-10-13T12:31:08","guid":{"rendered":"https:\/\/ivorycoastautoexpo.com\/?page_id=198"},"modified":"2025-10-24T11:02:38","modified_gmt":"2025-10-24T11:02:38","slug":"press-release","status":"publish","type":"page","link":"https:\/\/ivorycoastautoexpo.com\/fr\/press-release\/","title":{"rendered":"Communiqu\u00e9 de presse"},"content":{"rendered":"<div data-elementor-type=\"wp-page\" data-elementor-id=\"198\" class=\"elementor elementor-198\">\n\t\t\t\t<div class=\"elementor-element elementor-element-53c7169 e-flex e-con-boxed e-con e-parent\" data-id=\"53c7169\" data-element_type=\"container\" data-settings=\"{&quot;background_background&quot;:&quot;classic&quot;}\">\n\t\t\t\t\t<div class=\"e-con-inner\">\n\t\t<div class=\"elementor-element elementor-element-544dfdb e-con-full e-flex e-con e-child\" data-id=\"544dfdb\" data-element_type=\"container\">\n\t\t\t\t<div class=\"elementor-element elementor-element-f50b01e elementor-widget elementor-widget-heading\" data-id=\"f50b01e\" data-element_type=\"widget\" data-widget_type=\"heading.default\">\n\t\t\t\t<div class=\"elementor-widget-container\">\n\t\t\t\t\t<h1 class=\"elementor-heading-title elementor-size-default\">COMMUNIQU\u00c9 DE PRESSE<\/h1>\t\t\t\t<\/div>\n\t\t\t\t<\/div>\n\t\t\t\t<\/div>\n\t\t\t\t\t<\/div>\n\t\t\t\t<\/div>\n\t\t<div class=\"elementor-element elementor-element-bc7741c e-flex e-con-boxed e-con e-parent\" data-id=\"bc7741c\" data-element_type=\"container\">\n\t\t\t\t\t<div class=\"e-con-inner\">\n\t\t\t\t<div class=\"elementor-element elementor-element-97d9470 elementor-widget elementor-widget-n-accordion\" data-id=\"97d9470\" data-element_type=\"widget\" data-settings=\"{&quot;default_state&quot;:&quot;expanded&quot;,&quot;max_items_expended&quot;:&quot;one&quot;,&quot;n_accordion_animation_duration&quot;:{&quot;unit&quot;:&quot;ms&quot;,&quot;size&quot;:400,&quot;sizes&quot;:[]}}\" data-widget_type=\"nested-accordion.default\">\n\t\t\t\t<div class=\"elementor-widget-container\">\n\t\t\t\t\t\t\t<div class=\"e-n-accordion\" aria-label=\"Accord\u00e9on. Ouvrez les liens avec Enter ou Space, fermez-les avec Escape et naviguez avec les touches fl\u00e9ch\u00e9es.\">\n\t\t\t\t\t\t<details id=\"e-n-accordion-item-1590\" class=\"e-n-accordion-item\" open>\n\t\t\t\t<summary class=\"e-n-accordion-item-title\" data-accordion-index=\"1\" tabindex=\"0\" aria-expanded=\"true\" aria-controls=\"e-n-accordion-item-1590\" >\n\t\t\t\t\t<span class='e-n-accordion-item-title-header'><div class=\"e-n-accordion-item-title-text\"> Premier communiqu\u00e9 de presse <\/div><\/span>\n\t\t\t\t\t\t\t<span class='e-n-accordion-item-title-icon'>\n\t\t\t<span class='e-opened' ><svg aria-hidden=\"true\" class=\"e-font-icon-svg e-fas-minus\" viewbox=\"0 0 448 512\" xmlns=\"http:\/\/www.w3.org\/2000\/svg\"><path d=\"M416 208H32c-17.67 0-32 14.33-32 32v32c0 17.67 14.33 32 32 32h384c17.67 0 32-14.33 32-32v-32c0-17.67-14.33-32-32-32z\"><\/path><\/svg><\/span>\n\t\t\t<span class='e-closed'><svg aria-hidden=\"true\" class=\"e-font-icon-svg e-fas-plus\" viewbox=\"0 0 448 512\" xmlns=\"http:\/\/www.w3.org\/2000\/svg\"><path d=\"M416 208H272V64c0-17.67-14.33-32-32-32h-32c-17.67 0-32 14.33-32 32v144H32c-17.67 0-32 14.33-32 32v32c0 17.67 14.33 32 32 32h144v144c0 17.67 14.33 32 32 32h32c17.67 0 32-14.33 32-32V304h144c17.67 0 32-14.33 32-32v-32c0-17.67-14.33-32-32-32z\"><\/path><\/svg><\/span>\n\t\t<\/span>\n\n\t\t\t\t\t\t<\/summary>\n\t\t\t\t<div role=\"region\" aria-labelledby=\"e-n-accordion-item-1590\" class=\"elementor-element elementor-element-0623d45 e-con-full e-flex e-con e-child\" data-id=\"0623d45\" data-element_type=\"container\">\n\t\t\t\t<div class=\"elementor-element elementor-element-9dd7746 elementor-widget elementor-widget-text-editor\" data-id=\"9dd7746\" data-element_type=\"widget\" data-widget_type=\"text-editor.default\">\n\t\t\t\t<div class=\"elementor-widget-container\">\n\t\t\t\t\t\t\t\t\t<p style=\"text-align: center;\"><strong>COMMUNIQU\u00c9 DE PRESSE<\/strong><\/p><p style=\"text-align: center;\"><strong>ATLM EXPO ANNONCE LE LANCEMENT D'AUTO EXPO C\u00d4TE D'IVOIRE 2026 <\/strong><\/p><p style=\"text-align: center;\"><strong>A<\/strong> <strong>s<\/strong><strong>plate-forme commerciale strat\u00e9gique pour le march\u00e9 de l'apr\u00e8s-vente automobile dans les pays de l'UE. <\/strong><strong>W<\/strong><strong>est <\/strong><strong>A<\/strong><strong>frica<\/strong><\/p><p style=\"text-align: center;\"><strong>Abidjan, C\u00f4te d'Ivoire - ATLM Expo a le plaisir d'annoncer l'\u00e9dition inaugurale d'Auto Expo C\u00f4te d'Ivoire.<\/strong>, L'\u00e9v\u00e9nement se d\u00e9roulera du 1er janvier au 31 d\u00e9cembre. <strong>Du 8 au 10 septembre 2026<\/strong>, au <strong>Parc des Expositions d'Abidjan<\/strong>.<\/p><p style=\"text-align: center;\">Soutenue par des partenaires institutionnels cl\u00e9s et accueillie dans l'un des lieux d'exposition les plus modernes de la r\u00e9gion, <strong>Auto Expo C\u00f4te d'Ivoire<\/strong> r\u00e9unira des leaders mondiaux et r\u00e9gionaux dans le domaine de l'\u00e9ducation et de la formation. <strong>pi\u00e8ces de rechange, accessoires et \u00e9quipements d'entretien pour automobiles<\/strong>. Cet \u00e9v\u00e9nement historique servira de passerelle commerciale vitale entre <strong>des fabricants d'Europe, d'Asie, du Moyen-Orient et d'Afrique<\/strong>, et les d\u00e9cideurs de l'ensemble de l'Union europ\u00e9enne. <strong>Afrique de l'Ouest et centrale<\/strong>.<\/p><p style=\"text-align: center;\">Auto Expo, l'un des salons professionnels B2B les plus attendus du secteur, offrira une plateforme unique pour \u00e9tablir des contacts, trouver de nouveaux produits et pr\u00e9senter des innovations de pointe dans le secteur de l'automobile. <strong>march\u00e9 secondaire de l'automobile et services de mobilit\u00e9<\/strong>. L'\u00e9v\u00e9nement devrait attirer <strong>des milliers de visiteurs professionnels<\/strong>, La Commission europ\u00e9enne a adopt\u00e9 un projet de loi sur l'\u00e9galit\u00e9 des chances pour les femmes et les hommes, qui comporte une forte <strong>Programme d'accueil des acheteurs<\/strong>, conserv\u00e9e <strong>S\u00e9ances de mise en relation B2B<\/strong>, et <strong>des possibilit\u00e9s de mise en r\u00e9seau cibl\u00e9es<\/strong> visant \u00e0 acc\u00e9l\u00e9rer les partenariats et l'acc\u00e8s au march\u00e9.<\/p><p style=\"text-align: center;\">Cette exposition de haut niveau servira de passerelle pour la coop\u00e9ration internationale, permettant aux participants de rencontrer des experts de l'industrie, de s'engager avec des acheteurs r\u00e9gionaux et de d\u00e9couvrir des technologies r\u00e9volutionnaires dans de multiples secteurs : de la <strong>pi\u00e8ces de rechange, diagnostics, batteries, pneus<\/strong>, et <strong>\u00e9lectronique<\/strong>, \u00e0 <strong>outils de maintenance du parc automobile<\/strong>, <strong>solutions pour v\u00e9hicules \u00e9lectriques<\/strong>, et <strong>composants reconditionn\u00e9s<\/strong>.<\/p><p style=\"text-align: center;\">Les <strong>Programme d'accueil des acheteurs<\/strong> Elle est destin\u00e9e aux importateurs de haut niveau, aux grossistes, aux r\u00e9seaux de garages et aux op\u00e9rateurs de flottes, et comprendra des r\u00e9unions B2B personnalis\u00e9es avec des fournisseurs de premier plan issus des secteurs suivants <strong>Turquie, Chine, Golfe et au-del\u00e0<\/strong>, L'Union europ\u00e9enne est en train de se doter d'une strat\u00e9gie de d\u00e9veloppement durable, cr\u00e9ant ainsi un terrain fertile pour des partenariats \u00e0 long terme et des investissements transfrontaliers.<\/p><p style=\"text-align: center;\">Gr\u00e2ce \u00e0 des <strong>des panels et des conf\u00e9rences anim\u00e9es par des experts<\/strong>, Les participants exploreront les <strong>tendances \u00e9mergentes en mati\u00e8re de mobilit\u00e9 durable<\/strong>, \u00e9valuer <strong>\u00e9quipements innovants<\/strong>, et s'engager dans un partage des connaissances qui peut fa\u00e7onner l'avenir de leurs entreprises.<\/p><p style=\"text-align: center;\">Depuis 2024, ATLM Expo s'int\u00e9resse \u00e0 la C\u00f4te d'Ivoire, l'\u00e9conomie \u00e0 la croissance la plus rapide d'Afrique de l'Ouest, avec une population d\u00e9passant les 100 millions d'euros. <strong>30 millions de personnes<\/strong>. Moteur \u00e9conomique de la r\u00e9gion, la C\u00f4te d'Ivoire offre un potentiel exceptionnel, notamment \u00e0 travers le secteur de l'agriculture et de la p\u00eache. <strong>nouveau Parc des Expositions d'Abidjan<\/strong>, ATLM Expo, le plus grand et le plus moderne site d'Afrique de l'Ouest, inaugur\u00e9 en 2023 par le Pr\u00e9sident de la R\u00e9publique. En 2025, ATLM Expo a organis\u00e9 avec succ\u00e8s <strong>cinq salons internationaux<\/strong> \u00e0 Abidjan, et en 2026, elle renforcera sa pr\u00e9sence en accueillant la conf\u00e9rence de l'Union europ\u00e9enne. <strong>13 expositions majeures<\/strong> dans plusieurs secteurs.<\/p><p style=\"text-align: center;\">Le calendrier de l'exposition 2026 \u00e0 la <strong>Parc des Expositions d'Abidjan<\/strong> comprend :<\/p><ul style=\"text-align: center;\"><li style=\"text-align: left;\"><strong>Du 16 au 18 avril<\/strong>: D\u00e9cor Expo \/ CBH Expo \/ Fashion Expo<\/li><li style=\"text-align: left;\"><strong>9-11 juin<\/strong>: Lift Expo \/ HVAC-R Expo \/ Build Expo \/ Water Expo<\/li><li style=\"text-align: left;\"><strong>25-27 juin<\/strong>: Expo m\u00e9dicale \/ Expo dentaire<\/li><li style=\"text-align: left;\"><strong>8-10 septembre<\/strong>: Auto Expo \/ Power &amp; Electricity Expo<\/li><li style=\"text-align: left;\"><strong>Du 22 au 24 octobre<\/strong>: Food Expo \/ Horeca Expo<\/li><\/ul><p style=\"text-align: center;\">Cette installation de classe mondiale et ce portefeuille d'\u00e9v\u00e9nements en pleine expansion confirment l'\u00e9mergence de la C\u00f4te d'Ivoire en tant que plateforme centrale pour le commerce international et l'investissement en Afrique de l'Ouest, et positionnent les expositions d'ATLM Expo comme des rendez-vous d'affaires incontournables dans leurs secteurs respectifs.<\/p><p style=\"text-align: center;\"><strong>Pour en savoir plus ou assurer votre participation :<\/strong><br \/><a href=\"https:\/\/ivorycoastautoexpo.com\/fr\/?utm_source=chatgpt.com\">www.ivorycoastautoexpo.com<\/a><\/p><p style=\"text-align: center;\"><strong><u>\u00c0 propos d'ATLM Expo<\/u><\/strong><\/p><p style=\"text-align: center;\">Fond\u00e9e en 1997, ATLM Expo s'est forg\u00e9 une r\u00e9putation mondiale en organisant des expositions \u00e0 fort impact dans plus de 35 pays. Son portefeuille diversifi\u00e9 couvre des secteurs tels que <strong>construction, immobilier, alimentation, boulangerie, cosm\u00e9tiques, \u00e9nergie, syst\u00e8mes CVC, d\u00e9coration, m\u00e9decine et sant\u00e9<\/strong>, et plus encore \u00e0 travers <strong>Nigeria, S\u00e9n\u00e9gal, Irak, Kazakhstan, Ouzb\u00e9kistan<\/strong>, et <strong>C\u00f4te d'Ivoire<\/strong>.<\/p><p style=\"text-align: center;\">ATLM Expo s'engage \u00e0 cr\u00e9er des opportunit\u00e9s commerciales significatives et \u00e0 mettre en relation les exportateurs avec les march\u00e9s \u00e9mergents du monde entier. En offrant de pr\u00e9cieuses plateformes de collaboration, ATLM Expo continue de jouer un r\u00f4le crucial dans l'avancement des industries et le soutien \u00e0 la croissance des \u00e9conomies locales.<\/p><p style=\"text-align: center;\"><a href=\"http:\/\/www.atilimfuar.com\">www.atilimfuar.com<\/a> | abidjan@atilimfuar.com | +225 07 16 91 55 00<\/p><p style=\"text-align: center;\">\u00a0<\/p>\t\t\t\t\t\t\t\t<\/div>\n\t\t\t\t<\/div>\n\t\t\t\t<\/div>\n\t\t\t\t\t<\/details>\n\t\t\t\t\t<\/div>\n\t\t\t\t\t\t<\/div>\n\t\t\t\t<\/div>\n\t\t\t\t\t<\/div>\n\t\t\t\t<\/div>\n\t\t\t\t<\/div>","protected":false},"excerpt":{"rendered":"<p>PRESS RELEASE First Press Release PRESS RELEASE ATLM EXPO ANNOUNCES THE LAUNCH OF AUTO EXPO C\u00d4TE D\u2019IVOIRE 2026 A strategic [&hellip;]<\/p>","protected":false},"author":1,"featured_media":0,"parent":0,"menu_order":0,"comment_status":"closed","ping_status":"closed","template":"","meta":{"site-sidebar-layout":"no-sidebar","site-content-layout":"","ast-site-content-layout":"full-width-container","site-content-style":"default","site-sidebar-style":"default","ast-global-header-display":"","ast-banner-title-visibility":"","ast-main-header-display":"","ast-hfb-above-header-display":"","ast-hfb-below-header-display":"","ast-hfb-mobile-header-display":"","site-post-title":"disabled","ast-breadcrumbs-content":"","ast-featured-img":"disabled","footer-sml-layout":"","ast-disable-related-posts":"","theme-transparent-header-meta":"","adv-header-id-meta":"","stick-header-meta":"","header-above-stick-meta":"","header-main-stick-meta":"","header-below-stick-meta":"","astra-migrate-meta-layouts":"default","ast-page-background-enabled":"default","ast-page-background-meta":{"desktop":{"background-color":"var(--ast-global-color-5)","background-image":"","background-repeat":"repeat","background-position":"center center","background-size":"auto","background-attachment":"scroll","background-type":"","background-media":"","overlay-type":"","overlay-color":"","overlay-opacity":"","overlay-gradient":""},"tablet":{"background-color":"","background-image":"","background-repeat":"repeat","background-position":"center center","background-size":"auto","background-attachment":"scroll","background-type":"","background-media":"","overlay-type":"","overlay-color":"","overlay-opacity":"","overlay-gradient":""},"mobile":{"background-color":"","background-image":"","background-repeat":"repeat","background-position":"center center","background-size":"auto","background-attachment":"scroll","background-type":"","background-media":"","overlay-type":"","overlay-color":"","overlay-opacity":"","overlay-gradient":""}},"ast-content-background-meta":{"desktop":{"background-color":"var(--ast-global-color-4)","background-image":"","background-repeat":"repeat","background-position":"center center","background-size":"auto","background-attachment":"scroll","background-type":"","background-media":"","overlay-type":"","overlay-color":"","overlay-opacity":"","overlay-gradient":""},"tablet":{"background-color":"var(--ast-global-color-4)","background-image":"","background-repeat":"repeat","background-position":"center center","background-size":"auto","background-attachment":"scroll","background-type":"","background-media":"","overlay-type":"","overlay-color":"","overlay-opacity":"","overlay-gradient":""},"mobile":{"background-color":"var(--ast-global-color-4)","background-image":"","background-repeat":"repeat","background-position":"center center","background-size":"auto","background-attachment":"scroll","background-type":"","background-media":"","overlay-type":"","overlay-color":"","overlay-opacity":"","overlay-gradient":""}},"footnotes":""},"class_list":["post-198","page","type-page","status-publish","hentry"],"yoast_head":"<!-- This site is optimized with the Yoast SEO plugin v26.8 - https:\/\/yoast.com\/product\/yoast-seo-wordpress\/ -->\n<title>Press Release -<\/title>\n<meta name=\"robots\" content=\"index, follow, max-snippet:-1, max-image-preview:large, max-video-preview:-1\" \/>\n<link rel=\"canonical\" href=\"https:\/\/ivorycoastautoexpo.com\/fr\/press-release\/\" \/>\n<meta property=\"og:locale\" content=\"fr_FR\" \/>\n<meta property=\"og:type\" content=\"article\" \/>\n<meta property=\"og:title\" content=\"Press Release -\" \/>\n<meta property=\"og:description\" content=\"PRESS RELEASE First Press Release PRESS RELEASE ATLM EXPO ANNOUNCES THE LAUNCH OF AUTO EXPO C\u00d4TE D\u2019IVOIRE 2026 A strategic [&hellip;]\" \/>\n<meta property=\"og:url\" content=\"https:\/\/ivorycoastautoexpo.com\/fr\/press-release\/\" \/>\n<meta property=\"article:modified_time\" content=\"2025-10-24T11:02:38+00:00\" \/>\n<meta name=\"twitter:card\" content=\"summary_large_image\" \/>\n<meta name=\"twitter:label1\" content=\"Dur\u00e9e de lecture estim\u00e9e\" \/>\n\t<meta name=\"twitter:data1\" content=\"8 minutes\" \/>\n<script type=\"application\/ld+json\" class=\"yoast-schema-graph\">{\"@context\":\"https:\/\/schema.org\",\"@graph\":[{\"@type\":\"WebPage\",\"@id\":\"https:\/\/ivorycoastautoexpo.com\/press-release\/\",\"url\":\"https:\/\/ivorycoastautoexpo.com\/press-release\/\",\"name\":\"Press Release -\",\"isPartOf\":{\"@id\":\"https:\/\/ivorycoastautoexpo.com\/#website\"},\"datePublished\":\"2025-10-13T12:31:08+00:00\",\"dateModified\":\"2025-10-24T11:02:38+00:00\",\"breadcrumb\":{\"@id\":\"https:\/\/ivorycoastautoexpo.com\/press-release\/#breadcrumb\"},\"inLanguage\":\"fr-FR\",\"potentialAction\":[{\"@type\":\"ReadAction\",\"target\":[\"https:\/\/ivorycoastautoexpo.com\/press-release\/\"]}]},{\"@type\":\"BreadcrumbList\",\"@id\":\"https:\/\/ivorycoastautoexpo.com\/press-release\/#breadcrumb\",\"itemListElement\":[{\"@type\":\"ListItem\",\"position\":1,\"name\":\"Anasayfa\",\"item\":\"https:\/\/ivorycoastautoexpo.com\/\"},{\"@type\":\"ListItem\",\"position\":2,\"name\":\"Press Release\"}]},{\"@type\":\"WebSite\",\"@id\":\"https:\/\/ivorycoastautoexpo.com\/#website\",\"url\":\"https:\/\/ivorycoastautoexpo.com\/\",\"name\":\"\",\"description\":\"Auto Expo\",\"potentialAction\":[{\"@type\":\"SearchAction\",\"target\":{\"@type\":\"EntryPoint\",\"urlTemplate\":\"https:\/\/ivorycoastautoexpo.com\/?s={search_term_string}\"},\"query-input\":{\"@type\":\"PropertyValueSpecification\",\"valueRequired\":true,\"valueName\":\"search_term_string\"}}],\"inLanguage\":\"fr-FR\"}]}<\/script>\n<!-- \/ Yoast SEO plugin. -->","yoast_head_json":{"title":"Press Release -","robots":{"index":"index","follow":"follow","max-snippet":"max-snippet:-1","max-image-preview":"max-image-preview:large","max-video-preview":"max-video-preview:-1"},"canonical":"https:\/\/ivorycoastautoexpo.com\/fr\/press-release\/","og_locale":"fr_FR","og_type":"article","og_title":"Press Release -","og_description":"PRESS RELEASE First Press Release PRESS RELEASE ATLM EXPO ANNOUNCES THE LAUNCH OF AUTO EXPO C\u00d4TE D\u2019IVOIRE 2026 A strategic [&hellip;]","og_url":"https:\/\/ivorycoastautoexpo.com\/fr\/press-release\/","article_modified_time":"2025-10-24T11:02:38+00:00","twitter_card":"summary_large_image","twitter_misc":{"Dur\u00e9e de lecture estim\u00e9e":"8 minutes"},"schema":{"@context":"https:\/\/schema.org","@graph":[{"@type":"WebPage","@id":"https:\/\/ivorycoastautoexpo.com\/press-release\/","url":"https:\/\/ivorycoastautoexpo.com\/press-release\/","name":"Press Release -","isPartOf":{"@id":"https:\/\/ivorycoastautoexpo.com\/#website"},"datePublished":"2025-10-13T12:31:08+00:00","dateModified":"2025-10-24T11:02:38+00:00","breadcrumb":{"@id":"https:\/\/ivorycoastautoexpo.com\/press-release\/#breadcrumb"},"inLanguage":"fr-FR","potentialAction":[{"@type":"ReadAction","target":["https:\/\/ivorycoastautoexpo.com\/press-release\/"]}]},{"@type":"BreadcrumbList","@id":"https:\/\/ivorycoastautoexpo.com\/press-release\/#breadcrumb","itemListElement":[{"@type":"ListItem","position":1,"name":"Anasayfa","item":"https:\/\/ivorycoastautoexpo.com\/"},{"@type":"ListItem","position":2,"name":"Press Release"}]},{"@type":"WebSite","@id":"https:\/\/ivorycoastautoexpo.com\/#website","url":"https:\/\/ivorycoastautoexpo.com\/","name":"","description":"Auto Expo","potentialAction":[{"@type":"SearchAction","target":{"@type":"EntryPoint","urlTemplate":"https:\/\/ivorycoastautoexpo.com\/?s={search_term_string}"},"query-input":{"@type":"PropertyValueSpecification","valueRequired":true,"valueName":"search_term_string"}}],"inLanguage":"fr-FR"}]}},"_links":{"self":[{"href":"https:\/\/ivorycoastautoexpo.com\/fr\/wp-json\/wp\/v2\/pages\/198","targetHints":{"allow":["GET"]}}],"collection":[{"href":"https:\/\/ivorycoastautoexpo.com\/fr\/wp-json\/wp\/v2\/pages"}],"about":[{"href":"https:\/\/ivorycoastautoexpo.com\/fr\/wp-json\/wp\/v2\/types\/page"}],"author":[{"embeddable":true,"href":"https:\/\/ivorycoastautoexpo.com\/fr\/wp-json\/wp\/v2\/users\/1"}],"replies":[{"embeddable":true,"href":"https:\/\/ivorycoastautoexpo.com\/fr\/wp-json\/wp\/v2\/comments?post=198"}],"version-history":[{"count":10,"href":"https:\/\/ivorycoastautoexpo.com\/fr\/wp-json\/wp\/v2\/pages\/198\/revisions"}],"predecessor-version":[{"id":389,"href":"https:\/\/ivorycoastautoexpo.com\/fr\/wp-json\/wp\/v2\/pages\/198\/revisions\/389"}],"wp:attachment":[{"href":"https:\/\/ivorycoastautoexpo.com\/fr\/wp-json\/wp\/v2\/media?parent=198"}],"curies":[{"name":"wp","href":"https:\/\/api.w.org\/{rel}","templated":true}]}}